{"id":2421,"date":"2025-08-04T20:48:16","date_gmt":"2025-08-04T18:48:16","guid":{"rendered":"https:\/\/music4u.promo4u.ee\/aitah\/"},"modified":"2025-08-04T21:36:29","modified_gmt":"2025-08-04T19:36:29","slug":"thanks","status":"publish","type":"page","link":"https:\/\/music4u.promo4u.ee\/et\/thanks\/","title":{"rendered":"ait\u00e4h"},"content":{"rendered":"<p>[et_pb_section fb_built=&#8221;1&#8243; admin_label=&#8221;Contact Form Section RSVP&#8221; module_id=&#8221;rsvp&#8221; _builder_version=&#8221;4.27.4&#8243; background_color=&#8221;#467FBB&#8221; background_blend=&#8221;color&#8221; custom_margin=&#8221;||0px||false|false&#8221; custom_padding=&#8221;23px||38px|||&#8221; collapsed=&#8221;on&#8221; global_colors_info=&#8221;{}&#8221;][et_pb_row admin_label=&#8221;Kontaktivormi pealkiri&#8221; _builder_version=&#8221;4.16&#8243; background_size=&#8221;initial&#8221; background_position=&#8221;top_left&#8221; background_repeat=&#8221;repeat&#8221; locked=&#8221;off&#8221; global_colors_info=&#8221;{}&#8221;][et_pb_column type=&#8221;4_4&#8243; _builder_version=&#8221;4.16&#8243; custom_padding=&#8221;|||&#8221; global_colors_info=&#8221;{}&#8221; custom_padding__hover=&#8221;|||&#8221;][et_pb_text admin_label=&#8221;Title&#8221; _builder_version=&#8221;4.27.4&#8243; text_font=&#8221;||||&#8221; header_font=&#8221;Comfortaa||||&#8221; header_text_align=&#8221;center&#8221; header_font_size=&#8221;46px&#8221; header_line_height=&#8221;1.3em&#8221; background_size=&#8221;initial&#8221; background_position=&#8221;top_left&#8221; background_repeat=&#8221;repeat&#8221; text_orientation=&#8221;center&#8221; background_layout=&#8221;dark&#8221; module_alignment=&#8221;center&#8221; animation_style=&#8221;slide&#8221; animation_direction=&#8221;bottom&#8221; animation_intensity_slide=&#8221;10%&#8221; hover_enabled=&#8221;0&#8243; global_colors_info=&#8221;{}&#8221; header_font_size_last_edited=&#8221;on|phone&#8221; header_font_size_phone=&#8221;34px&#8221; sticky_enabled=&#8221;0&#8243; header_font_size_tablet=&#8221;46px&#8221;]<\/p>\n<h1>Ait\u00e4h! Vastame teile j\u00e4rgmise 1-2 p\u00e4eva jooksul esimesel v\u00f5imalusel<\/h1>\n<p>[\/et_pb_text][\/et_pb_column][\/et_pb_row][\/et_pb_section]<\/p>\n","protected":false},"excerpt":{"rendered":"<p>Ait\u00e4h! Vastame teile j\u00e4rgmise 1-2 p\u00e4eva jooksul esimesel v\u00f5imalusel<\/p>\n","protected":false},"author":1,"featured_media":0,"parent":0,"menu_order":0,"comment_status":"closed","ping_status":"closed","template":"","meta":{"_et_pb_use_builder":"on","_et_pb_old_content":"","_et_gb_content_width":"","footnotes":""},"class_list":["post-2421","page","type-page","status-publish","hentry"],"yoast_head":"<!-- This site is optimized with the Yoast SEO plugin v27.5 - https:\/\/yoast.com\/product\/yoast-seo-wordpress\/ -->\n<title>ait\u00e4h - Music4U<\/title>\n<meta name=\"robots\" content=\"index, follow, max-snippet:-1, max-image-preview:large, max-video-preview:-1\" \/>\n<link rel=\"canonical\" href=\"https:\/\/music4u.promo4u.ee\/et\/thanks\/\" \/>\n<meta property=\"og:locale\" content=\"et_EE\" \/>\n<meta property=\"og:type\" content=\"article\" \/>\n<meta property=\"og:title\" content=\"ait\u00e4h - Music4U\" \/>\n<meta property=\"og:description\" content=\"Ait\u00e4h! Vastame teile j\u00e4rgmise 1-2 p\u00e4eva jooksul esimesel v\u00f5imalusel\" \/>\n<meta property=\"og:url\" content=\"https:\/\/music4u.promo4u.ee\/et\/thanks\/\" \/>\n<meta property=\"og:site_name\" content=\"Music4U\" \/>\n<meta property=\"article:publisher\" content=\"https:\/\/www.facebook.com\/profile.php?id=100065056450292\" \/>\n<meta property=\"article:modified_time\" content=\"2025-08-04T19:36:29+00:00\" \/>\n<meta name=\"twitter:card\" content=\"summary_large_image\" \/>\n<meta name=\"twitter:label1\" content=\"Est. reading time\" \/>\n\t<meta name=\"twitter:data1\" content=\"1 minut\" \/>\n<script type=\"application\/ld+json\" class=\"yoast-schema-graph\">{\"@context\":\"https:\\\/\\\/schema.org\",\"@graph\":[{\"@type\":\"WebPage\",\"@id\":\"https:\\\/\\\/music4u.promo4u.ee\\\/et\\\/thanks\\\/\",\"url\":\"https:\\\/\\\/music4u.promo4u.ee\\\/et\\\/thanks\\\/\",\"name\":\"ait\u00e4h - Music4U\",\"isPartOf\":{\"@id\":\"https:\\\/\\\/music4u.promo4u.ee\\\/et\\\/#website\"},\"datePublished\":\"2025-08-04T18:48:16+00:00\",\"dateModified\":\"2025-08-04T19:36:29+00:00\",\"breadcrumb\":{\"@id\":\"https:\\\/\\\/music4u.promo4u.ee\\\/et\\\/thanks\\\/#breadcrumb\"},\"inLanguage\":\"et\",\"potentialAction\":[{\"@type\":\"ReadAction\",\"target\":[\"https:\\\/\\\/music4u.promo4u.ee\\\/et\\\/thanks\\\/\"]}]},{\"@type\":\"BreadcrumbList\",\"@id\":\"https:\\\/\\\/music4u.promo4u.ee\\\/et\\\/thanks\\\/#breadcrumb\",\"itemListElement\":[{\"@type\":\"ListItem\",\"position\":1,\"name\":\"Home\",\"item\":\"https:\\\/\\\/music4u.promo4u.ee\\\/et\\\/\"},{\"@type\":\"ListItem\",\"position\":2,\"name\":\"ait\u00e4h\"}]},{\"@type\":\"WebSite\",\"@id\":\"https:\\\/\\\/music4u.promo4u.ee\\\/et\\\/#website\",\"url\":\"https:\\\/\\\/music4u.promo4u.ee\\\/et\\\/\",\"name\":\"Music4U\",\"description\":\"musical events\",\"publisher\":{\"@id\":\"https:\\\/\\\/music4u.promo4u.ee\\\/et\\\/#organization\"},\"potentialAction\":[{\"@type\":\"SearchAction\",\"target\":{\"@type\":\"EntryPoint\",\"urlTemplate\":\"https:\\\/\\\/music4u.promo4u.ee\\\/et\\\/?s={search_term_string}\"},\"query-input\":{\"@type\":\"PropertyValueSpecification\",\"valueRequired\":true,\"valueName\":\"search_term_string\"}}],\"inLanguage\":\"et\"},{\"@type\":\"Organization\",\"@id\":\"https:\\\/\\\/music4u.promo4u.ee\\\/et\\\/#organization\",\"name\":\"Music4U\",\"url\":\"https:\\\/\\\/music4u.promo4u.ee\\\/et\\\/\",\"logo\":{\"@type\":\"ImageObject\",\"inLanguage\":\"et\",\"@id\":\"https:\\\/\\\/music4u.promo4u.ee\\\/et\\\/#\\\/schema\\\/logo\\\/image\\\/\",\"url\":\"https:\\\/\\\/music4u.promo4u.ee\\\/wp-content\\\/uploads\\\/2024\\\/01\\\/Music4U.jpg\",\"contentUrl\":\"https:\\\/\\\/music4u.promo4u.ee\\\/wp-content\\\/uploads\\\/2024\\\/01\\\/Music4U.jpg\",\"width\":300,\"height\":120,\"caption\":\"Music4U\"},\"image\":{\"@id\":\"https:\\\/\\\/music4u.promo4u.ee\\\/et\\\/#\\\/schema\\\/logo\\\/image\\\/\"},\"sameAs\":[\"https:\\\/\\\/www.facebook.com\\\/profile.php?id=100065056450292\",\"https:\\\/\\\/www.instagram.com\\\/fioritura_soprano\\\/\"]}]}<\/script>\n<!-- \/ Yoast SEO plugin. -->","yoast_head_json":{"title":"ait\u00e4h - Music4U","robots":{"index":"index","follow":"follow","max-snippet":"max-snippet:-1","max-image-preview":"max-image-preview:large","max-video-preview":"max-video-preview:-1"},"canonical":"https:\/\/music4u.promo4u.ee\/et\/thanks\/","og_locale":"et_EE","og_type":"article","og_title":"ait\u00e4h - Music4U","og_description":"Ait\u00e4h! Vastame teile j\u00e4rgmise 1-2 p\u00e4eva jooksul esimesel v\u00f5imalusel","og_url":"https:\/\/music4u.promo4u.ee\/et\/thanks\/","og_site_name":"Music4U","article_publisher":"https:\/\/www.facebook.com\/profile.php?id=100065056450292","article_modified_time":"2025-08-04T19:36:29+00:00","twitter_card":"summary_large_image","twitter_misc":{"Est. reading time":"1 minut"},"schema":{"@context":"https:\/\/schema.org","@graph":[{"@type":"WebPage","@id":"https:\/\/music4u.promo4u.ee\/et\/thanks\/","url":"https:\/\/music4u.promo4u.ee\/et\/thanks\/","name":"ait\u00e4h - Music4U","isPartOf":{"@id":"https:\/\/music4u.promo4u.ee\/et\/#website"},"datePublished":"2025-08-04T18:48:16+00:00","dateModified":"2025-08-04T19:36:29+00:00","breadcrumb":{"@id":"https:\/\/music4u.promo4u.ee\/et\/thanks\/#breadcrumb"},"inLanguage":"et","potentialAction":[{"@type":"ReadAction","target":["https:\/\/music4u.promo4u.ee\/et\/thanks\/"]}]},{"@type":"BreadcrumbList","@id":"https:\/\/music4u.promo4u.ee\/et\/thanks\/#breadcrumb","itemListElement":[{"@type":"ListItem","position":1,"name":"Home","item":"https:\/\/music4u.promo4u.ee\/et\/"},{"@type":"ListItem","position":2,"name":"ait\u00e4h"}]},{"@type":"WebSite","@id":"https:\/\/music4u.promo4u.ee\/et\/#website","url":"https:\/\/music4u.promo4u.ee\/et\/","name":"Music4U","description":"musical events","publisher":{"@id":"https:\/\/music4u.promo4u.ee\/et\/#organization"},"potentialAction":[{"@type":"SearchAction","target":{"@type":"EntryPoint","urlTemplate":"https:\/\/music4u.promo4u.ee\/et\/?s={search_term_string}"},"query-input":{"@type":"PropertyValueSpecification","valueRequired":true,"valueName":"search_term_string"}}],"inLanguage":"et"},{"@type":"Organization","@id":"https:\/\/music4u.promo4u.ee\/et\/#organization","name":"Music4U","url":"https:\/\/music4u.promo4u.ee\/et\/","logo":{"@type":"ImageObject","inLanguage":"et","@id":"https:\/\/music4u.promo4u.ee\/et\/#\/schema\/logo\/image\/","url":"https:\/\/music4u.promo4u.ee\/wp-content\/uploads\/2024\/01\/Music4U.jpg","contentUrl":"https:\/\/music4u.promo4u.ee\/wp-content\/uploads\/2024\/01\/Music4U.jpg","width":300,"height":120,"caption":"Music4U"},"image":{"@id":"https:\/\/music4u.promo4u.ee\/et\/#\/schema\/logo\/image\/"},"sameAs":["https:\/\/www.facebook.com\/profile.php?id=100065056450292","https:\/\/www.instagram.com\/fioritura_soprano\/"]}]}},"_links":{"self":[{"href":"https:\/\/music4u.promo4u.ee\/et\/wp-json\/wp\/v2\/pages\/2421","targetHints":{"allow":["GET"]}}],"collection":[{"href":"https:\/\/music4u.promo4u.ee\/et\/wp-json\/wp\/v2\/pages"}],"about":[{"href":"https:\/\/music4u.promo4u.ee\/et\/wp-json\/wp\/v2\/types\/page"}],"author":[{"embeddable":true,"href":"https:\/\/music4u.promo4u.ee\/et\/wp-json\/wp\/v2\/users\/1"}],"replies":[{"embeddable":true,"href":"https:\/\/music4u.promo4u.ee\/et\/wp-json\/wp\/v2\/comments?post=2421"}],"version-history":[{"count":9,"href":"https:\/\/music4u.promo4u.ee\/et\/wp-json\/wp\/v2\/pages\/2421\/revisions"}],"predecessor-version":[{"id":2447,"href":"https:\/\/music4u.promo4u.ee\/et\/wp-json\/wp\/v2\/pages\/2421\/revisions\/2447"}],"wp:attachment":[{"href":"https:\/\/music4u.promo4u.ee\/et\/wp-json\/wp\/v2\/media?parent=2421"}],"curies":[{"name":"wp","href":"https:\/\/api.w.org\/{rel}","templated":true}]}}