{"id":661,"date":"2023-10-23T16:14:22","date_gmt":"2023-10-23T14:14:22","guid":{"rendered":"https:\/\/music4u.promo4u.ee\/privaatsuspoliitika\/"},"modified":"2024-02-16T18:24:24","modified_gmt":"2024-02-16T16:24:24","slug":"privaatsuspoliitika","status":"publish","type":"page","link":"https:\/\/music4u.promo4u.ee\/et\/privaatsuspoliitika\/","title":{"rendered":"Privaatsuspoliitika"},"content":{"rendered":"<p>[et_pb_section fb_built=&#8221;1&#8243; admin_label=&#8221;upcoming concert&#8221; module_id=&#8221;rahmaninov&#8221; _builder_version=&#8221;4.24.0&#8243; custom_padding=&#8221;56px||19px|||&#8221; collapsed=&#8221;on&#8221; global_colors_info=&#8221;{}&#8221;][et_pb_row admin_label=&#8221;Tiitlip\u00e4ev&#8221; _builder_version=&#8221;4.24.0&#8243; background_size=&#8221;initial&#8221; background_position=&#8221;top_left&#8221; background_repeat=&#8221;repeat&#8221; width=&#8221;95%&#8221; max_width=&#8221;95%&#8221; module_alignment=&#8221;center&#8221; custom_margin=&#8221;0px|0px|0px|0px|false|false&#8221; custom_padding=&#8221;0px|0px|0px|0px|false|false&#8221; locked=&#8221;off&#8221; global_colors_info=&#8221;{}&#8221;][et_pb_column type=&#8221;4_4&#8243; _builder_version=&#8221;4.16&#8243; custom_padding=&#8221;|||&#8221; global_colors_info=&#8221;{}&#8221; custom_padding__hover=&#8221;|||&#8221;][et_pb_text admin_label=&#8221;Subtitle&#8221; _builder_version=&#8221;4.24.0&#8243; _module_preset=&#8221;e941013b-57ea-48cc-9635-8bc61bdba935&#8243; text_font_size=&#8221;21px&#8221; header_2_text_color=&#8221;#1D5482&#8243; max_width=&#8221;95%&#8221; hover_enabled=&#8221;0&#8243; global_colors_info=&#8221;{}&#8221; header_2_text_align=&#8221;left&#8221; sticky_enabled=&#8221;0&#8243;]<\/p>\n<div class=\"et_pb_row et_pb_row_0\">\n<div class=\"et_pb_column et_pb_column_4_4 et_pb_column_0 et_pb_css_mix_blend_mode_passthrough et-last-child\">\n<div class=\"et_pb_module et_pb_text et_pb_text_0 et_pb_text_align_left et_pb_bg_layout_light\">\n<div class=\"et_pb_text_inner\">\n<h2 style=\"text-align: center;\"><strong>Privaatsuspoliitika (isikuandmete kaitse)<\/strong><\/h2>\n<\/div>\n<\/div>\n<\/div>\n<\/div>\n<div class=\"et_pb_row et_pb_row_1\">\n<div class=\"et_pb_column et_pb_column_4_4 et_pb_column_1 et_pb_css_mix_blend_mode_passthrough et-last-child\">\n<div class=\"et_pb_module et_pb_text et_pb_text_1 et_pb_text_align_left et_pb_bg_layout_light\">\n<div class=\"et_pb_text_inner\">\n<h2 class=\"p2\">Meie veebilehe aadress on https:\/\/music4u.promo4u.ee\/<\/h2>\n<h2 class=\"p2\"><\/h2>\n<h2 class=\"p2\">K\u00fcpsis<\/h2>\n<p class=\"p4\">Kui t\u00e4idate meie veebisaidil p\u00e4ringuvormi, j\u00e4tate oma nime, e-posti aadressi, telefoninumbri ja ka ip-aadressi k\u00fcpsiseks.<\/p>\n<p class=\"p4\">See on teie mugavuse huvides, et te ei peaks j\u00e4rgmisel korral v\u00f5i kommentaari j\u00e4tmisel oma andmeid uuesti t\u00e4itma. K\u00fcpsiseid s\u00e4ilitatakse \u00fcks aasta.<\/p>\n<p class=\"p5\">Kui te sisenete lehele sisselogimise kaudu, pannakse teie arvutisse ajutine k\u00fcpsis koos meie esialgse p\u00e4ringuga, kas teie brauser aktsepteerib k\u00fcpsiseid. K\u00fcpsis ei sisalda teie isikuandmeid ja see kustutatakse, kui te sulgete oma brauseri.<\/p>\n<h2 class=\"p2\">R\u00e4mpsposti kaitse<\/h2>\n<p class=\"p5\">P\u00e4rast taotlusvormi t\u00e4itmist palutakse teil teha lihtsat aritmeetilist liitmist, et kaitsta saiti robotite eest. Seda tehakse selleks, et kaitsta saiti r\u00e4mpsposti eest.<\/p>\n<h2 class=\"p2\">Kui kaua me teie andmeid s\u00e4ilitame<\/h2>\n<p class=\"p4\">Kui j\u00e4tate oma isikuandmed vormi, s\u00e4ilitatakse selle metaandmed m\u00e4\u00e4ramata ajaks. Nii saame vastata teie isiklikule p\u00e4ringule, kasutades teie antud kontaktandmeid, ning kohandada pakkumise vastavalt teie vajadustele ja eelistustele.<\/p>\n<p class=\"p4\">Veebisaidi administraatorid saavad seda teavet samuti n\u00e4ha ja muuta.<\/p>\n<h2 class=\"p2\">Millised \u00f5igused teil on oma andmete suhtes<\/h2>\n<p class=\"p4\">Samuti v\u00f5ite taotleda, et me kustutaksime teie kohta k\u00e4ivad isikuandmed. See ei h\u00f5lma andmeid, mida me oleme kohustatud s\u00e4ilitama haldus-, \u00f5igus- v\u00f5i julgeolekueesm\u00e4rkidel.<\/p>\n<\/div>\n<\/div>\n<\/div>\n<\/div>\n<p>[\/et_pb_text][\/et_pb_column][\/et_pb_row][\/et_pb_section]<\/p>\n","protected":false},"excerpt":{"rendered":"<p>Privaatsuspoliitika (isikuandmete kaitse) Meie veebilehe aadress on https:\/\/music4u.promo4u.ee\/ K\u00fcpsis Kui t\u00e4idate meie veebisaidil p\u00e4ringuvormi, j\u00e4tate oma nime, e-posti aadressi, telefoninumbri ja ka ip-aadressi k\u00fcpsiseks. See on teie mugavuse huvides, et te ei peaks j\u00e4rgmisel korral v\u00f5i kommentaari j\u00e4tmisel oma andmeid uuesti t\u00e4itma. K\u00fcpsiseid s\u00e4ilitatakse \u00fcks aasta. Kui te sisenete lehele sisselogimise kaudu, pannakse teie arvutisse [&hellip;]<\/p>\n","protected":false},"author":1,"featured_media":0,"parent":0,"menu_order":0,"comment_status":"closed","ping_status":"open","template":"","meta":{"_et_pb_use_builder":"on","_et_pb_old_content":"","_et_gb_content_width":"","footnotes":""},"class_list":["post-661","page","type-page","status-publish","hentry"],"yoast_head":"<!-- This site is optimized with the Yoast SEO plugin v27.5 - https:\/\/yoast.com\/product\/yoast-seo-wordpress\/ -->\n<title>Privaatsuspoliitika - Music4U<\/title>\n<meta name=\"robots\" content=\"index, follow, max-snippet:-1, max-image-preview:large, max-video-preview:-1\" \/>\n<link rel=\"canonical\" href=\"https:\/\/music4u.promo4u.ee\/et\/privaatsuspoliitika\/\" \/>\n<meta property=\"og:locale\" content=\"et_EE\" \/>\n<meta property=\"og:type\" content=\"article\" \/>\n<meta property=\"og:title\" content=\"Privaatsuspoliitika - Music4U\" \/>\n<meta property=\"og:description\" content=\"Privaatsuspoliitika (isikuandmete kaitse) Meie veebilehe aadress on https:\/\/music4u.promo4u.ee\/ K\u00fcpsis Kui t\u00e4idate meie veebisaidil p\u00e4ringuvormi, j\u00e4tate oma nime, e-posti aadressi, telefoninumbri ja ka ip-aadressi k\u00fcpsiseks. See on teie mugavuse huvides, et te ei peaks j\u00e4rgmisel korral v\u00f5i kommentaari j\u00e4tmisel oma andmeid uuesti t\u00e4itma. K\u00fcpsiseid s\u00e4ilitatakse \u00fcks aasta. Kui te sisenete lehele sisselogimise kaudu, pannakse teie arvutisse [&hellip;]\" \/>\n<meta property=\"og:url\" content=\"https:\/\/music4u.promo4u.ee\/et\/privaatsuspoliitika\/\" \/>\n<meta property=\"og:site_name\" content=\"Music4U\" \/>\n<meta property=\"article:publisher\" content=\"https:\/\/www.facebook.com\/profile.php?id=100065056450292\" \/>\n<meta property=\"article:modified_time\" content=\"2024-02-16T16:24:24+00:00\" \/>\n<meta name=\"twitter:card\" content=\"summary_large_image\" \/>\n<meta name=\"twitter:label1\" content=\"Est. reading time\" \/>\n\t<meta name=\"twitter:data1\" content=\"2 minutit\" \/>\n<script type=\"application\/ld+json\" class=\"yoast-schema-graph\">{\"@context\":\"https:\\\/\\\/schema.org\",\"@graph\":[{\"@type\":\"WebPage\",\"@id\":\"https:\\\/\\\/music4u.promo4u.ee\\\/et\\\/privaatsuspoliitika\\\/\",\"url\":\"https:\\\/\\\/music4u.promo4u.ee\\\/et\\\/privaatsuspoliitika\\\/\",\"name\":\"Privaatsuspoliitika - Music4U\",\"isPartOf\":{\"@id\":\"https:\\\/\\\/music4u.promo4u.ee\\\/et\\\/#website\"},\"datePublished\":\"2023-10-23T14:14:22+00:00\",\"dateModified\":\"2024-02-16T16:24:24+00:00\",\"breadcrumb\":{\"@id\":\"https:\\\/\\\/music4u.promo4u.ee\\\/et\\\/privaatsuspoliitika\\\/#breadcrumb\"},\"inLanguage\":\"et\",\"potentialAction\":[{\"@type\":\"ReadAction\",\"target\":[\"https:\\\/\\\/music4u.promo4u.ee\\\/et\\\/privaatsuspoliitika\\\/\"]}]},{\"@type\":\"BreadcrumbList\",\"@id\":\"https:\\\/\\\/music4u.promo4u.ee\\\/et\\\/privaatsuspoliitika\\\/#breadcrumb\",\"itemListElement\":[{\"@type\":\"ListItem\",\"position\":1,\"name\":\"Home\",\"item\":\"https:\\\/\\\/music4u.promo4u.ee\\\/et\\\/\"},{\"@type\":\"ListItem\",\"position\":2,\"name\":\"Privaatsuspoliitika\"}]},{\"@type\":\"WebSite\",\"@id\":\"https:\\\/\\\/music4u.promo4u.ee\\\/et\\\/#website\",\"url\":\"https:\\\/\\\/music4u.promo4u.ee\\\/et\\\/\",\"name\":\"Music4U\",\"description\":\"musical events\",\"publisher\":{\"@id\":\"https:\\\/\\\/music4u.promo4u.ee\\\/et\\\/#organization\"},\"potentialAction\":[{\"@type\":\"SearchAction\",\"target\":{\"@type\":\"EntryPoint\",\"urlTemplate\":\"https:\\\/\\\/music4u.promo4u.ee\\\/et\\\/?s={search_term_string}\"},\"query-input\":{\"@type\":\"PropertyValueSpecification\",\"valueRequired\":true,\"valueName\":\"search_term_string\"}}],\"inLanguage\":\"et\"},{\"@type\":\"Organization\",\"@id\":\"https:\\\/\\\/music4u.promo4u.ee\\\/et\\\/#organization\",\"name\":\"Music4U\",\"url\":\"https:\\\/\\\/music4u.promo4u.ee\\\/et\\\/\",\"logo\":{\"@type\":\"ImageObject\",\"inLanguage\":\"et\",\"@id\":\"https:\\\/\\\/music4u.promo4u.ee\\\/et\\\/#\\\/schema\\\/logo\\\/image\\\/\",\"url\":\"https:\\\/\\\/music4u.promo4u.ee\\\/wp-content\\\/uploads\\\/2024\\\/01\\\/Music4U.jpg\",\"contentUrl\":\"https:\\\/\\\/music4u.promo4u.ee\\\/wp-content\\\/uploads\\\/2024\\\/01\\\/Music4U.jpg\",\"width\":300,\"height\":120,\"caption\":\"Music4U\"},\"image\":{\"@id\":\"https:\\\/\\\/music4u.promo4u.ee\\\/et\\\/#\\\/schema\\\/logo\\\/image\\\/\"},\"sameAs\":[\"https:\\\/\\\/www.facebook.com\\\/profile.php?id=100065056450292\",\"https:\\\/\\\/www.instagram.com\\\/fioritura_soprano\\\/\"]}]}<\/script>\n<!-- \/ Yoast SEO plugin. -->","yoast_head_json":{"title":"Privaatsuspoliitika - Music4U","robots":{"index":"index","follow":"follow","max-snippet":"max-snippet:-1","max-image-preview":"max-image-preview:large","max-video-preview":"max-video-preview:-1"},"canonical":"https:\/\/music4u.promo4u.ee\/et\/privaatsuspoliitika\/","og_locale":"et_EE","og_type":"article","og_title":"Privaatsuspoliitika - Music4U","og_description":"Privaatsuspoliitika (isikuandmete kaitse) Meie veebilehe aadress on https:\/\/music4u.promo4u.ee\/ K\u00fcpsis Kui t\u00e4idate meie veebisaidil p\u00e4ringuvormi, j\u00e4tate oma nime, e-posti aadressi, telefoninumbri ja ka ip-aadressi k\u00fcpsiseks. See on teie mugavuse huvides, et te ei peaks j\u00e4rgmisel korral v\u00f5i kommentaari j\u00e4tmisel oma andmeid uuesti t\u00e4itma. K\u00fcpsiseid s\u00e4ilitatakse \u00fcks aasta. Kui te sisenete lehele sisselogimise kaudu, pannakse teie arvutisse [&hellip;]","og_url":"https:\/\/music4u.promo4u.ee\/et\/privaatsuspoliitika\/","og_site_name":"Music4U","article_publisher":"https:\/\/www.facebook.com\/profile.php?id=100065056450292","article_modified_time":"2024-02-16T16:24:24+00:00","twitter_card":"summary_large_image","twitter_misc":{"Est. reading time":"2 minutit"},"schema":{"@context":"https:\/\/schema.org","@graph":[{"@type":"WebPage","@id":"https:\/\/music4u.promo4u.ee\/et\/privaatsuspoliitika\/","url":"https:\/\/music4u.promo4u.ee\/et\/privaatsuspoliitika\/","name":"Privaatsuspoliitika - Music4U","isPartOf":{"@id":"https:\/\/music4u.promo4u.ee\/et\/#website"},"datePublished":"2023-10-23T14:14:22+00:00","dateModified":"2024-02-16T16:24:24+00:00","breadcrumb":{"@id":"https:\/\/music4u.promo4u.ee\/et\/privaatsuspoliitika\/#breadcrumb"},"inLanguage":"et","potentialAction":[{"@type":"ReadAction","target":["https:\/\/music4u.promo4u.ee\/et\/privaatsuspoliitika\/"]}]},{"@type":"BreadcrumbList","@id":"https:\/\/music4u.promo4u.ee\/et\/privaatsuspoliitika\/#breadcrumb","itemListElement":[{"@type":"ListItem","position":1,"name":"Home","item":"https:\/\/music4u.promo4u.ee\/et\/"},{"@type":"ListItem","position":2,"name":"Privaatsuspoliitika"}]},{"@type":"WebSite","@id":"https:\/\/music4u.promo4u.ee\/et\/#website","url":"https:\/\/music4u.promo4u.ee\/et\/","name":"Music4U","description":"musical events","publisher":{"@id":"https:\/\/music4u.promo4u.ee\/et\/#organization"},"potentialAction":[{"@type":"SearchAction","target":{"@type":"EntryPoint","urlTemplate":"https:\/\/music4u.promo4u.ee\/et\/?s={search_term_string}"},"query-input":{"@type":"PropertyValueSpecification","valueRequired":true,"valueName":"search_term_string"}}],"inLanguage":"et"},{"@type":"Organization","@id":"https:\/\/music4u.promo4u.ee\/et\/#organization","name":"Music4U","url":"https:\/\/music4u.promo4u.ee\/et\/","logo":{"@type":"ImageObject","inLanguage":"et","@id":"https:\/\/music4u.promo4u.ee\/et\/#\/schema\/logo\/image\/","url":"https:\/\/music4u.promo4u.ee\/wp-content\/uploads\/2024\/01\/Music4U.jpg","contentUrl":"https:\/\/music4u.promo4u.ee\/wp-content\/uploads\/2024\/01\/Music4U.jpg","width":300,"height":120,"caption":"Music4U"},"image":{"@id":"https:\/\/music4u.promo4u.ee\/et\/#\/schema\/logo\/image\/"},"sameAs":["https:\/\/www.facebook.com\/profile.php?id=100065056450292","https:\/\/www.instagram.com\/fioritura_soprano\/"]}]}},"_links":{"self":[{"href":"https:\/\/music4u.promo4u.ee\/et\/wp-json\/wp\/v2\/pages\/661","targetHints":{"allow":["GET"]}}],"collection":[{"href":"https:\/\/music4u.promo4u.ee\/et\/wp-json\/wp\/v2\/pages"}],"about":[{"href":"https:\/\/music4u.promo4u.ee\/et\/wp-json\/wp\/v2\/types\/page"}],"author":[{"embeddable":true,"href":"https:\/\/music4u.promo4u.ee\/et\/wp-json\/wp\/v2\/users\/1"}],"replies":[{"embeddable":true,"href":"https:\/\/music4u.promo4u.ee\/et\/wp-json\/wp\/v2\/comments?post=661"}],"version-history":[{"count":3,"href":"https:\/\/music4u.promo4u.ee\/et\/wp-json\/wp\/v2\/pages\/661\/revisions"}],"predecessor-version":[{"id":664,"href":"https:\/\/music4u.promo4u.ee\/et\/wp-json\/wp\/v2\/pages\/661\/revisions\/664"}],"wp:attachment":[{"href":"https:\/\/music4u.promo4u.ee\/et\/wp-json\/wp\/v2\/media?parent=661"}],"curies":[{"name":"wp","href":"https:\/\/api.w.org\/{rel}","templated":true}]}}