{"id":4032,"date":"2025-02-07T19:01:01","date_gmt":"2025-02-07T17:01:01","guid":{"rendered":"https:\/\/music4u.promo4u.ee\/biletes\/"},"modified":"2026-05-07T23:23:11","modified_gmt":"2026-05-07T21:23:11","slug":"biletes","status":"publish","type":"page","link":"https:\/\/music4u.promo4u.ee\/lv\/biletes\/","title":{"rendered":"Bi\u013cetes"},"content":{"rendered":"<p>[et_pb_section fb_built=&#8221;1&#8243; _builder_version=&#8221;4.27.4&#8243; _module_preset=&#8221;default&#8221; background_color=&#8221;RGBA(209,197,186,0.16)&#8221; custom_margin=&#8221;1px||1px||true|false&#8221; custom_padding=&#8221;0px||0px||false|false&#8221; global_colors_info=&#8221;{}&#8221;][et_pb_row admin_label=&#8221;Tiitlip\u00e4ev&#8221; _builder_version=&#8221;4.27.4&#8243; _module_preset=&#8221;default&#8221; background_color=&#8221;RGBA(209,197,186,0.16)&#8221; background_size=&#8221;initial&#8221; background_position=&#8221;top_left&#8221; background_repeat=&#8221;repeat&#8221; positioning=&#8221;none&#8221; width=&#8221;100%&#8221; width_tablet=&#8221;100%&#8221; width_phone=&#8221;100%&#8221; width_last_edited=&#8221;on|desktop&#8221; max_width=&#8221;100%&#8221; max_width_tablet=&#8221;100%&#8221; max_width_phone=&#8221;100%&#8221; max_width_last_edited=&#8221;on|desktop&#8221; module_alignment=&#8221;center&#8221; custom_margin=&#8221;0px|0px|0px|0px|false|false&#8221; custom_padding=&#8221;68px|11px|68px|11px|true|true&#8221; locked=&#8221;off&#8221; global_colors_info=&#8221;{}&#8221;][et_pb_column type=&#8221;4_4&#8243; _builder_version=&#8221;4.16&#8243; _module_preset=&#8221;default&#8221; custom_padding=&#8221;|||&#8221; global_colors_info=&#8221;{}&#8221; custom_padding__hover=&#8221;|||&#8221;][et_pb_button button_url=&#8221;https:\/\/www.bilesuserviss.lv\/biletes\/X7OVTO5ONS\/spanu-fiesta&#8221; url_new_window=&#8221;on&#8221; button_text=&#8221;IEG\u0100D\u0100TIES BI\u013bETES UZ 16. MAIJA KONCERTU \u0160EIT&#8221; disabled_on=&#8221;off|off|off&#8221; module_id=&#8221;purchase&#8221; _builder_version=&#8221;4.27.6&#8243; _module_preset=&#8221;014fc86a-3ae5-49f9-a561-81e773d938a6&#8243; button_bg_color=&#8221;#1D5482&#8243; button_border_radius=&#8221;12px&#8221; button_letter_spacing=&#8221;1px&#8221; button_font=&#8221;|||on|||||&#8221; custom_margin=&#8221;||32px|||&#8221; custom_padding=&#8221;|34px||34px|false|true&#8221; hover_enabled=&#8221;0&#8243; button_text_shadow_style=&#8221;preset4&#8243; button_text_shadow_color=&#8221;RGBA(255,255,255,0)&#8221; global_colors_info=&#8221;{}&#8221; sticky_enabled=&#8221;0&#8243;][\/et_pb_button][et_pb_text _builder_version=&#8221;4.27.6&#8243; _module_preset=&#8221;default&#8221; text_font=&#8221;Arial|700|||||||&#8221; text_text_color=&#8221;#1D5482&#8243; text_font_size=&#8221;20px&#8221; text_letter_spacing=&#8221;2px&#8221; text_orientation=&#8221;center&#8221; module_alignment=&#8221;center&#8221; custom_padding=&#8221;|8px|23px|8px|false|true&#8221; hover_enabled=&#8221;0&#8243; text_letter_spacing_tablet=&#8221;2px&#8221; text_letter_spacing_phone=&#8221;2px&#8221; text_letter_spacing_last_edited=&#8221;on|phone&#8221; module_alignment_last_edited=&#8221;off|desktop&#8221; text_text_shadow_style=&#8221;preset4&#8243; text_text_shadow_color=&#8221;#CF7ABC&#8221; header_4_text_shadow_style=&#8221;preset1&#8243; locked=&#8221;off&#8221; global_colors_info=&#8221;{}&#8221; sticky_enabled=&#8221;0&#8243;]<\/p>\n<p>NB! Maks\u0101jumu sist\u0113m\u0101 ir k\u013c\u016bda cen\u0101 \u2014 tuv\u0101kaj\u0101 laik\u0101 to izlabosim!<br data-start=\"62\" data-end=\"65\" \/>Tikm\u0113r, l\u016bdzu, izmantojiet citu maks\u0101jumu termin\u0101li:\u00a0<\/p>\n<p>[\/et_pb_text][et_pb_button button_url=&#8221;https:\/\/pay.duoclassico.eu\/begin?productCode=ELENA2026f-2026.05.16_RIGA-FIXED-PRICE&#038;lng=en&#038;external_id=976fdc11-7237-4406-a82f-fc80787f6fbd&#8221; url_new_window=&#8221;on&#8221; button_text=&#8221;IEG\u0100D\u0100TIES BI\u013bETES UZ 16. MAIJA KONCERTU \u0160EIT DUOCLASSICO:&#8221; disabled_on=&#8221;off|off|off&#8221; module_id=&#8221;purchase&#8221; _builder_version=&#8221;4.27.6&#8243; _module_preset=&#8221;014fc86a-3ae5-49f9-a561-81e773d938a6&#8243; button_bg_color=&#8221;#1D5482&#8243; button_border_radius=&#8221;12px&#8221; button_letter_spacing=&#8221;1px&#8221; button_font=&#8221;|||on|||||&#8221; custom_margin=&#8221;||32px|||&#8221; custom_padding=&#8221;|34px||34px|false|true&#8221; hover_enabled=&#8221;0&#8243; button_text_shadow_style=&#8221;preset4&#8243; button_text_shadow_color=&#8221;RGBA(255,255,255,0)&#8221; global_colors_info=&#8221;{}&#8221; sticky_enabled=&#8221;0&#8243;][\/et_pb_button][\/et_pb_column][\/et_pb_row][\/et_pb_section]<\/p>\n","protected":false},"excerpt":{"rendered":"<p>NB! Maks\u0101jumu sist\u0113m\u0101 ir k\u013c\u016bda cen\u0101 \u2014 tuv\u0101kaj\u0101 laik\u0101 to izlabosim!Tikm\u0113r, l\u016bdzu, izmantojiet citu maks\u0101jumu termin\u0101li:\u00a0<\/p>\n","protected":false},"author":1,"featured_media":0,"parent":0,"menu_order":0,"comment_status":"closed","ping_status":"closed","template":"","meta":{"_et_pb_use_builder":"on","_et_pb_old_content":"","_et_gb_content_width":"","footnotes":""},"class_list":["post-4032","page","type-page","status-publish","hentry"],"yoast_head":"<!-- This site is optimized with the Yoast SEO plugin v27.5 - https:\/\/yoast.com\/product\/yoast-seo-wordpress\/ -->\n<title>Bi\u013cetes - Music4U<\/title>\n<meta name=\"robots\" content=\"index, follow, max-snippet:-1, max-image-preview:large, max-video-preview:-1\" \/>\n<link rel=\"canonical\" href=\"https:\/\/music4u.promo4u.ee\/lv\/biletes\/\" \/>\n<meta property=\"og:locale\" content=\"lv_LV\" \/>\n<meta property=\"og:type\" content=\"article\" \/>\n<meta property=\"og:title\" content=\"Bi\u013cetes - Music4U\" \/>\n<meta property=\"og:description\" content=\"NB! Maks\u0101jumu sist\u0113m\u0101 ir k\u013c\u016bda cen\u0101 \u2014 tuv\u0101kaj\u0101 laik\u0101 to izlabosim!Tikm\u0113r, l\u016bdzu, izmantojiet citu maks\u0101jumu termin\u0101li:\u00a0\" \/>\n<meta property=\"og:url\" content=\"https:\/\/music4u.promo4u.ee\/lv\/biletes\/\" \/>\n<meta property=\"og:site_name\" content=\"Music4U\" \/>\n<meta property=\"article:publisher\" content=\"https:\/\/www.facebook.com\/profile.php?id=100065056450292\" \/>\n<meta property=\"article:modified_time\" content=\"2026-05-07T21:23:11+00:00\" \/>\n<meta name=\"twitter:card\" content=\"summary_large_image\" \/>\n<meta name=\"twitter:label1\" content=\"Est. reading time\" \/>\n\t<meta name=\"twitter:data1\" content=\"2 minutes\" \/>\n<script type=\"application\/ld+json\" class=\"yoast-schema-graph\">{\"@context\":\"https:\\\/\\\/schema.org\",\"@graph\":[{\"@type\":\"WebPage\",\"@id\":\"https:\\\/\\\/music4u.promo4u.ee\\\/lv\\\/biletes\\\/\",\"url\":\"https:\\\/\\\/music4u.promo4u.ee\\\/lv\\\/biletes\\\/\",\"name\":\"Bi\u013cetes - Music4U\",\"isPartOf\":{\"@id\":\"https:\\\/\\\/music4u.promo4u.ee\\\/lv\\\/#website\"},\"datePublished\":\"2025-02-07T17:01:01+00:00\",\"dateModified\":\"2026-05-07T21:23:11+00:00\",\"breadcrumb\":{\"@id\":\"https:\\\/\\\/music4u.promo4u.ee\\\/lv\\\/biletes\\\/#breadcrumb\"},\"inLanguage\":\"lv-LV\",\"potentialAction\":[{\"@type\":\"ReadAction\",\"target\":[\"https:\\\/\\\/music4u.promo4u.ee\\\/lv\\\/biletes\\\/\"]}]},{\"@type\":\"BreadcrumbList\",\"@id\":\"https:\\\/\\\/music4u.promo4u.ee\\\/lv\\\/biletes\\\/#breadcrumb\",\"itemListElement\":[{\"@type\":\"ListItem\",\"position\":1,\"name\":\"Home\",\"item\":\"https:\\\/\\\/music4u.promo4u.ee\\\/lv\\\/\"},{\"@type\":\"ListItem\",\"position\":2,\"name\":\"Bi\u013cetes\"}]},{\"@type\":\"WebSite\",\"@id\":\"https:\\\/\\\/music4u.promo4u.ee\\\/lv\\\/#website\",\"url\":\"https:\\\/\\\/music4u.promo4u.ee\\\/lv\\\/\",\"name\":\"Music4U\",\"description\":\"musical events\",\"publisher\":{\"@id\":\"https:\\\/\\\/music4u.promo4u.ee\\\/lv\\\/#organization\"},\"potentialAction\":[{\"@type\":\"SearchAction\",\"target\":{\"@type\":\"EntryPoint\",\"urlTemplate\":\"https:\\\/\\\/music4u.promo4u.ee\\\/lv\\\/?s={search_term_string}\"},\"query-input\":{\"@type\":\"PropertyValueSpecification\",\"valueRequired\":true,\"valueName\":\"search_term_string\"}}],\"inLanguage\":\"lv-LV\"},{\"@type\":\"Organization\",\"@id\":\"https:\\\/\\\/music4u.promo4u.ee\\\/lv\\\/#organization\",\"name\":\"Music4U\",\"url\":\"https:\\\/\\\/music4u.promo4u.ee\\\/lv\\\/\",\"logo\":{\"@type\":\"ImageObject\",\"inLanguage\":\"lv-LV\",\"@id\":\"https:\\\/\\\/music4u.promo4u.ee\\\/lv\\\/#\\\/schema\\\/logo\\\/image\\\/\",\"url\":\"https:\\\/\\\/music4u.promo4u.ee\\\/wp-content\\\/uploads\\\/2024\\\/01\\\/Music4U.jpg\",\"contentUrl\":\"https:\\\/\\\/music4u.promo4u.ee\\\/wp-content\\\/uploads\\\/2024\\\/01\\\/Music4U.jpg\",\"width\":300,\"height\":120,\"caption\":\"Music4U\"},\"image\":{\"@id\":\"https:\\\/\\\/music4u.promo4u.ee\\\/lv\\\/#\\\/schema\\\/logo\\\/image\\\/\"},\"sameAs\":[\"https:\\\/\\\/www.facebook.com\\\/profile.php?id=100065056450292\",\"https:\\\/\\\/www.instagram.com\\\/fioritura_soprano\\\/\"]}]}<\/script>\n<!-- \/ Yoast SEO plugin. -->","yoast_head_json":{"title":"Bi\u013cetes - Music4U","robots":{"index":"index","follow":"follow","max-snippet":"max-snippet:-1","max-image-preview":"max-image-preview:large","max-video-preview":"max-video-preview:-1"},"canonical":"https:\/\/music4u.promo4u.ee\/lv\/biletes\/","og_locale":"lv_LV","og_type":"article","og_title":"Bi\u013cetes - Music4U","og_description":"NB! Maks\u0101jumu sist\u0113m\u0101 ir k\u013c\u016bda cen\u0101 \u2014 tuv\u0101kaj\u0101 laik\u0101 to izlabosim!Tikm\u0113r, l\u016bdzu, izmantojiet citu maks\u0101jumu termin\u0101li:\u00a0","og_url":"https:\/\/music4u.promo4u.ee\/lv\/biletes\/","og_site_name":"Music4U","article_publisher":"https:\/\/www.facebook.com\/profile.php?id=100065056450292","article_modified_time":"2026-05-07T21:23:11+00:00","twitter_card":"summary_large_image","twitter_misc":{"Est. reading time":"2 minutes"},"schema":{"@context":"https:\/\/schema.org","@graph":[{"@type":"WebPage","@id":"https:\/\/music4u.promo4u.ee\/lv\/biletes\/","url":"https:\/\/music4u.promo4u.ee\/lv\/biletes\/","name":"Bi\u013cetes - Music4U","isPartOf":{"@id":"https:\/\/music4u.promo4u.ee\/lv\/#website"},"datePublished":"2025-02-07T17:01:01+00:00","dateModified":"2026-05-07T21:23:11+00:00","breadcrumb":{"@id":"https:\/\/music4u.promo4u.ee\/lv\/biletes\/#breadcrumb"},"inLanguage":"lv-LV","potentialAction":[{"@type":"ReadAction","target":["https:\/\/music4u.promo4u.ee\/lv\/biletes\/"]}]},{"@type":"BreadcrumbList","@id":"https:\/\/music4u.promo4u.ee\/lv\/biletes\/#breadcrumb","itemListElement":[{"@type":"ListItem","position":1,"name":"Home","item":"https:\/\/music4u.promo4u.ee\/lv\/"},{"@type":"ListItem","position":2,"name":"Bi\u013cetes"}]},{"@type":"WebSite","@id":"https:\/\/music4u.promo4u.ee\/lv\/#website","url":"https:\/\/music4u.promo4u.ee\/lv\/","name":"Music4U","description":"musical events","publisher":{"@id":"https:\/\/music4u.promo4u.ee\/lv\/#organization"},"potentialAction":[{"@type":"SearchAction","target":{"@type":"EntryPoint","urlTemplate":"https:\/\/music4u.promo4u.ee\/lv\/?s={search_term_string}"},"query-input":{"@type":"PropertyValueSpecification","valueRequired":true,"valueName":"search_term_string"}}],"inLanguage":"lv-LV"},{"@type":"Organization","@id":"https:\/\/music4u.promo4u.ee\/lv\/#organization","name":"Music4U","url":"https:\/\/music4u.promo4u.ee\/lv\/","logo":{"@type":"ImageObject","inLanguage":"lv-LV","@id":"https:\/\/music4u.promo4u.ee\/lv\/#\/schema\/logo\/image\/","url":"https:\/\/music4u.promo4u.ee\/wp-content\/uploads\/2024\/01\/Music4U.jpg","contentUrl":"https:\/\/music4u.promo4u.ee\/wp-content\/uploads\/2024\/01\/Music4U.jpg","width":300,"height":120,"caption":"Music4U"},"image":{"@id":"https:\/\/music4u.promo4u.ee\/lv\/#\/schema\/logo\/image\/"},"sameAs":["https:\/\/www.facebook.com\/profile.php?id=100065056450292","https:\/\/www.instagram.com\/fioritura_soprano\/"]}]}},"_links":{"self":[{"href":"https:\/\/music4u.promo4u.ee\/lv\/wp-json\/wp\/v2\/pages\/4032","targetHints":{"allow":["GET"]}}],"collection":[{"href":"https:\/\/music4u.promo4u.ee\/lv\/wp-json\/wp\/v2\/pages"}],"about":[{"href":"https:\/\/music4u.promo4u.ee\/lv\/wp-json\/wp\/v2\/types\/page"}],"author":[{"embeddable":true,"href":"https:\/\/music4u.promo4u.ee\/lv\/wp-json\/wp\/v2\/users\/1"}],"replies":[{"embeddable":true,"href":"https:\/\/music4u.promo4u.ee\/lv\/wp-json\/wp\/v2\/comments?post=4032"}],"version-history":[{"count":5,"href":"https:\/\/music4u.promo4u.ee\/lv\/wp-json\/wp\/v2\/pages\/4032\/revisions"}],"predecessor-version":[{"id":4158,"href":"https:\/\/music4u.promo4u.ee\/lv\/wp-json\/wp\/v2\/pages\/4032\/revisions\/4158"}],"wp:attachment":[{"href":"https:\/\/music4u.promo4u.ee\/lv\/wp-json\/wp\/v2\/media?parent=4032"}],"curies":[{"name":"wp","href":"https:\/\/api.w.org\/{rel}","templated":true}]}}